{"id":62,"date":"2018-09-05T08:02:04","date_gmt":"2018-09-05T11:02:04","guid":{"rendered":"https:\/\/globalconn.com\/site\/about-us\/"},"modified":"2021-05-26T11:24:10","modified_gmt":"2021-05-26T14:24:10","slug":"sobre-nos","status":"publish","type":"page","link":"https:\/\/globalconn.com\/site\/sobre-nos\/","title":{"rendered":"Sobre Nos"},"content":{"rendered":"\t\t<div data-elementor-type=\"wp-post\" data-elementor-id=\"62\" class=\"elementor elementor-62\" data-elementor-settings=\"[]\">\n\t\t\t\t\t\t<div class=\"elementor-inner\">\n\t\t\t\t\t\t\t<div class=\"elementor-section-wrap\">\n\t\t\t\t\t\t\t<section class=\"elementor-section elementor-top-section elementor-element elementor-element-4376e59 elementor-section-content-middle elementor-section-boxed elementor-section-height-default elementor-section-height-default\" data-id=\"4376e59\" data-element_type=\"section\" data-settings=\"{&quot;background_background&quot;:&quot;gradient&quot;,&quot;shape_divider_bottom&quot;:&quot;tilt&quot;}\">\n\t\t\t\t\t<div class=\"elementor-shape elementor-shape-bottom\" data-negative=\"false\">\n\t\t\t<svg xmlns=\"http:\/\/www.w3.org\/2000\/svg\" viewBox=\"0 0 1000 100\" preserveAspectRatio=\"none\">\n\t<path class=\"elementor-shape-fill\" d=\"M0,6V0h1000v100L0,6z\"\/>\n<\/svg>\t\t<\/div>\n\t\t\t\t\t<div class=\"elementor-container elementor-column-gap-default\">\n\t\t\t\t\t\t\t<div class=\"elementor-row\">\n\t\t\t\t\t<div class=\"aux-parallax-section elementor-column elementor-col-100 elementor-top-column elementor-element elementor-element-51bdfad\" data-id=\"51bdfad\" data-element_type=\"column\">\n\t\t\t<div class=\"elementor-column-wrap elementor-element-populated\">\n\t\t\t\t\t\t\t<div class=\"elementor-widget-wrap\">\n\t\t\t\t\t\t<div class=\"elementor-element elementor-element-40a7cb4 elementor-widget elementor-widget-aux_modern_heading\" data-id=\"40a7cb4\" data-element_type=\"widget\" data-widget_type=\"aux_modern_heading.default\">\n\t\t\t\t<div class=\"elementor-widget-container\">\n\t\t\t<section class=\"aux-widget-modern-heading\">\n            <div class=\"aux-widget-inner\"><h2 class=\"aux-modern-heading-primary\">Sobre N\u00f3s<\/h2><\/div>\n        <\/section>\t\t<\/div>\n\t\t\t\t<\/div>\n\t\t\t\t\t\t<\/div>\n\t\t\t\t\t<\/div>\n\t\t<\/div>\n\t\t\t\t\t\t\t\t<\/div>\n\t\t\t\t\t<\/div>\n\t\t<\/section>\n\t\t\t\t<section class=\"elementor-section elementor-top-section elementor-element elementor-element-659e4ec elementor-section-boxed elementor-section-height-default elementor-section-height-default\" data-id=\"659e4ec\" data-element_type=\"section\">\n\t\t\t\t\t\t<div class=\"elementor-container elementor-column-gap-default\">\n\t\t\t\t\t\t\t<div class=\"elementor-row\">\n\t\t\t\t\t<div class=\"aux-parallax-section elementor-column elementor-col-100 elementor-top-column elementor-element elementor-element-941cbe4\" data-id=\"941cbe4\" data-element_type=\"column\">\n\t\t\t<div class=\"elementor-column-wrap elementor-element-populated\">\n\t\t\t\t\t\t\t<div class=\"elementor-widget-wrap\">\n\t\t\t\t\t\t<div class=\"elementor-element elementor-element-619c196 aux-appear-watch-animation aux-fade-in-up elementor-widget elementor-widget-aux_modern_heading\" data-id=\"619c196\" data-element_type=\"widget\" data-widget_type=\"aux_modern_heading.default\">\n\t\t\t\t<div class=\"elementor-widget-container\">\n\t\t\t<section class=\"aux-widget-modern-heading\">\n            <div class=\"aux-widget-inner\"><h2 class=\"aux-modern-heading-primary\">Quem somos n\u00f3s ?<\/h2><div class=\"aux-modern-heading-divider\"><\/div><div class=\"aux-modern-heading-description\"><p style=\"text-align: justify;\">A GLOBALCONN\u00a0 (acr\u00f4nimo das palavras global connections ou conex\u00f5es globais que representa a conectividade global permitida pela internet) foi fundada em Agosto de 1995, ano da inaugura\u00e7\u00e3o da Internet comercial no Brasil, sendo portanto uma empresa precursora da Internet no Brasil.<\/p><p style=\"text-align: justify;\">Possu\u00edmos 2 grandes paix\u00f5es: a tecnologia e qualidade no atendimento ao cliente. Todas as nossas a\u00e7\u00f5es s\u00e3o balizadas pelo <em>feedback<\/em> que recebemos de nossos clientes a respeito da qualidade de nossos servi\u00e7os e buscamos constantemente aperfei\u00e7o\u00e1-los.<\/p><p style=\"text-align: justify;\">Nossas solu\u00e7\u00f5es s\u00e3o personalizadas e dimensionadas de acordo com o est\u00e1gio de matura\u00e7\u00e3o digital que sua empresa se encontra o que nos permite atender desde pequenos neg\u00f3cios que est\u00e3o na fase <em>starter<\/em> at\u00e9 institui\u00e7\u00f5es de ensino, hospitais, cl\u00ednicas, associa\u00e7\u00f5es, ind\u00fastrias e grandes empresas.<\/p><p style=\"text-align: justify;\">Nosso foco \u00e9 oferecer solu\u00e7\u00f5es integradas para lan\u00e7ar e desenvolver sua empresa em ambiente digital permitindo a voc\u00ea promover seus produtos e servi\u00e7os atrav\u00e9s dos canais digitais, prospectar novos clientes e novas oportunidades de neg\u00f3cios, abrir canais de relacionamento e impulsionar vendas no mercado digital.<\/p><p style=\"text-align: justify;\">A qualidade de nossos servi\u00e7os \u00e9 devidamente comprovada pelo alto \u00edndice de resultados, satisfa\u00e7\u00e3o e fidelidade de nossos clientes, que nos acompanham ao longo destes 25 anos.\u00a0<\/p><\/div><\/div>\n        <\/section>\t\t<\/div>\n\t\t\t\t<\/div>\n\t\t\t\t\t\t<\/div>\n\t\t\t\t\t<\/div>\n\t\t<\/div>\n\t\t\t\t\t\t\t\t<\/div>\n\t\t\t\t\t<\/div>\n\t\t<\/section>\n\t\t\t\t<section class=\"elementor-section elementor-top-section elementor-element elementor-element-02c0f28 elementor-section-content-middle elementor-section-boxed elementor-section-height-default elementor-section-height-default\" data-id=\"02c0f28\" data-element_type=\"section\">\n\t\t\t\t\t\t<div class=\"elementor-container elementor-column-gap-default\">\n\t\t\t\t\t\t\t<div class=\"elementor-row\">\n\t\t\t\t\t<div class=\"aux-parallax-section elementor-column elementor-col-100 elementor-top-column elementor-element elementor-element-b89f814\" data-id=\"b89f814\" data-element_type=\"column\" data-settings=\"{&quot;background_background&quot;:&quot;gradient&quot;}\">\n\t\t\t<div class=\"elementor-column-wrap elementor-element-populated\">\n\t\t\t\t\t\t\t<div class=\"elementor-widget-wrap\">\n\t\t\t\t\t\t<section class=\"elementor-section elementor-inner-section elementor-element elementor-element-8d52f34 elementor-section-full_width elementor-section-content-middle elementor-section-height-default elementor-section-height-default\" data-id=\"8d52f34\" data-element_type=\"section\">\n\t\t\t\t\t\t<div class=\"elementor-container elementor-column-gap-wider\">\n\t\t\t\t\t\t\t<div class=\"elementor-row\">\n\t\t\t\t\t<div class=\"aux-parallax-section elementor-column elementor-col-50 elementor-inner-column elementor-element elementor-element-4969457\" data-id=\"4969457\" data-element_type=\"column\">\n\t\t\t<div class=\"elementor-column-wrap elementor-element-populated\">\n\t\t\t\t\t\t\t<div class=\"elementor-widget-wrap\">\n\t\t\t\t\t\t<div class=\"elementor-element elementor-element-873e49a aux-appear-watch-animation aux-scale-down elementor-widget elementor-widget-aux_image\" data-id=\"873e49a\" data-element_type=\"widget\" data-widget_type=\"aux_image.default\">\n\t\t\t\t<div class=\"elementor-widget-container\">\n\t\t\t<section class=\"widget-container aux-widget-image aux-alignnone aux-parent-au36694762\" style=\"\" >\n    <div class=\"aux-media-hint-frame \">\n        <div class=\"aux-media-image \" >\n        \n            \n\n            \n            <img loading=\"lazy\" width=\"645\" height=\"476\" src=\"data:image\/gif;base64,R0lGODlhAQABAIAAAAAAAP\/\/\/yH5BAEAAAAALAAAAAABAAEAAAIBRAA7\" class=\"aux-attachment aux-featured-image aux-attachment-id-382 aux-preload aux-blank\" alt=\"18_Authentication-01-Converted@2x-645x476\" data-ratio=\"1.36\" data-original-w=\"645\" sizes=\"auto\" data-srcset=\"https:\/\/globalconn.com\/site\/wp-content\/uploads\/2021\/05\/18_Authentication-01-Converted@2x-645x476-1-150x111.png 150w,https:\/\/globalconn.com\/site\/wp-content\/uploads\/2021\/05\/18_Authentication-01-Converted@2x-645x476-1-300x221.png 300w,https:\/\/globalconn.com\/site\/wp-content\/uploads\/2021\/05\/18_Authentication-01-Converted@2x-645x476-1-645x476.png 645w\" data-src=\"https:\/\/globalconn.com\/site\/wp-content\/uploads\/2021\/05\/18_Authentication-01-Converted@2x-645x476-1-645x476.png\" \/>            \n                <\/div>\n    <\/div>\n\n<\/section><!-- widget-container -->\t\t<\/div>\n\t\t\t\t<\/div>\n\t\t\t\t\t\t<\/div>\n\t\t\t\t\t<\/div>\n\t\t<\/div>\n\t\t\t\t<div class=\"aux-parallax-section elementor-column elementor-col-50 elementor-inner-column elementor-element elementor-element-1928953\" data-id=\"1928953\" data-element_type=\"column\">\n\t\t\t<div class=\"elementor-column-wrap elementor-element-populated\">\n\t\t\t\t\t\t\t<div class=\"elementor-widget-wrap\">\n\t\t\t\t\t\t<div class=\"elementor-element elementor-element-7f25108 aux-appear-watch-animation aux-scale-down-1 elementor-widget elementor-widget-aux_text\" data-id=\"7f25108\" data-element_type=\"widget\" data-widget_type=\"aux_text.default\">\n\t\t\t\t<div class=\"elementor-widget-container\">\n\t\t\t<section class=\"widget-container aux-widget-text aux-parent-auc8e6f01f\" style=\"\" >        <div class=\"aux-widget-advanced-text aux-wrap-style-simple aux-ico-pos- aux-text-left aux-text-resp- aux-text-color-dark aux-text-widget-bg-center  \" >\n        \n            \n            <div class=\"aux-text-inner aux-text-widget-content\">\n                                <h4 class=\"col-title\">Nossa Miss\u00e3o<\/h4>\n                                <h5 class=\"col-subtitle\">01<\/h5>\n\n                                <div class=\"widget-content\">\n                                        <p>Buscar constantemente solu\u00e7\u00f5es inovadoras em tecnologia, comunica\u00e7\u00e3o e seguran\u00e7a para oferecer servi\u00e7os focados no sucesso de nossos clientes.<\/p>                <\/div>\n                            <\/div>\n        <\/div>\n                    <div class=\"aux-text-widget-footer\">\n                <div class=\"aux-border-shape-none \">\n                                <\/div>\n            <\/div>\n        \n<\/section><!-- widget-container -->\t\t<\/div>\n\t\t\t\t<\/div>\n\t\t\t\t<div class=\"elementor-element elementor-element-575cb04 aux-appear-watch-animation aux-scale-down-1 elementor-widget elementor-widget-aux_text\" data-id=\"575cb04\" data-element_type=\"widget\" data-widget_type=\"aux_text.default\">\n\t\t\t\t<div class=\"elementor-widget-container\">\n\t\t\t<section class=\"widget-container aux-widget-text aux-parent-au4c607a68\" style=\"\" >        <div class=\"aux-widget-advanced-text aux-wrap-style-simple aux-ico-pos- aux-text-left aux-text-resp- aux-text-color-dark aux-text-widget-bg-center  \" >\n        \n            \n            <div class=\"aux-text-inner aux-text-widget-content\">\n                                <h4 class=\"col-title\">Nossa Vis\u00e3o<\/h4>\n                                <h5 class=\"col-subtitle\">02<\/h5>\n\n                                <div class=\"widget-content\">\n                                        <p>Manter a lideran\u00e7a em nosso segmento como empresa de tecnologia que oferece atendimento profissional de alto padr\u00e3o de qualidade, infraestrutura com tecnologia de ponta,\u00a0 capacidade t\u00e9cnica excepcional e alto grau de confiabilidade.\u00a0<\/p>                <\/div>\n                            <\/div>\n        <\/div>\n                    <div class=\"aux-text-widget-footer\">\n                <div class=\"aux-border-shape-none \">\n                                <\/div>\n            <\/div>\n        \n<\/section><!-- widget-container -->\t\t<\/div>\n\t\t\t\t<\/div>\n\t\t\t\t<div class=\"elementor-element elementor-element-ac8579e aux-appear-watch-animation aux-scale-down-1 elementor-widget elementor-widget-aux_text\" data-id=\"ac8579e\" data-element_type=\"widget\" data-widget_type=\"aux_text.default\">\n\t\t\t\t<div class=\"elementor-widget-container\">\n\t\t\t<section class=\"widget-container aux-widget-text aux-parent-aua9294eb4\" style=\"\" >        <div class=\"aux-widget-advanced-text aux-wrap-style-simple aux-ico-pos- aux-text-left aux-text-resp- aux-text-color-dark aux-text-widget-bg-center  \" >\n        \n            \n            <div class=\"aux-text-inner aux-text-widget-content\">\n                                <h4 class=\"col-title\">Nossos Valores<\/h4>\n                                <h5 class=\"col-subtitle\">03<\/h5>\n\n                                <div class=\"widget-content\">\n                                        <ol><li>Comprometimento: temos total comprometimento com a satisfa\u00e7\u00e3o de nossos clientes<\/li><li>Relacionamento: investimos na constru\u00e7\u00e3o de um relacionamento profissional e dur\u00e1vel com nossos clientes<\/li><li>\u00c9tica profissional: trabalhamos sempre oferecendo total transpar\u00eancia na execu\u00e7\u00e3o de nossos servi\u00e7os<\/li><li>Qualidade: procuramos manter o mais alto padr\u00e3o de qualidade em tudo que fazemos<\/li><li>Atendimento: simpatia, solicitude, profissionalismo e respeito s\u00e3o as bases do relacionamento que mantemos com nossos clientes.<\/li><\/ol>                <\/div>\n                            <\/div>\n        <\/div>\n                    <div class=\"aux-text-widget-footer\">\n                <div class=\"aux-border-shape-none \">\n                                <\/div>\n            <\/div>\n        \n<\/section><!-- widget-container -->\t\t<\/div>\n\t\t\t\t<\/div>\n\t\t\t\t\t\t<\/div>\n\t\t\t\t\t<\/div>\n\t\t<\/div>\n\t\t\t\t\t\t\t\t<\/div>\n\t\t\t\t\t<\/div>\n\t\t<\/section>\n\t\t\t\t\t\t<\/div>\n\t\t\t\t\t<\/div>\n\t\t<\/div>\n\t\t\t\t\t\t\t\t<\/div>\n\t\t\t\t\t<\/div>\n\t\t<\/section>\n\t\t\t\t<section class=\"elementor-section elementor-top-section elementor-element elementor-element-1db50bc elementor-section-boxed elementor-section-height-default elementor-section-height-default\" data-id=\"1db50bc\" data-element_type=\"section\">\n\t\t\t\t\t\t<div class=\"elementor-container elementor-column-gap-default\">\n\t\t\t\t\t\t\t<div class=\"elementor-row\">\n\t\t\t\t\t<div class=\"aux-parallax-section elementor-column elementor-col-100 elementor-top-column elementor-element elementor-element-e98c214\" data-id=\"e98c214\" data-element_type=\"column\">\n\t\t\t<div class=\"elementor-column-wrap elementor-element-populated\">\n\t\t\t\t\t\t\t<div class=\"elementor-widget-wrap\">\n\t\t\t\t\t\t<section class=\"elementor-section elementor-inner-section elementor-element elementor-element-3d5ebf9 elementor-section-content-middle elementor-section-full_width elementor-section-height-default elementor-section-height-default\" data-id=\"3d5ebf9\" data-element_type=\"section\" data-settings=\"{&quot;background_background&quot;:&quot;gradient&quot;}\">\n\t\t\t\t\t\t<div class=\"elementor-container elementor-column-gap-default\">\n\t\t\t\t\t\t\t<div class=\"elementor-row\">\n\t\t\t\t\t<div class=\"aux-parallax-section elementor-column elementor-col-50 elementor-inner-column elementor-element elementor-element-bc960ad\" data-id=\"bc960ad\" data-element_type=\"column\">\n\t\t\t<div class=\"elementor-column-wrap elementor-element-populated\">\n\t\t\t\t\t\t\t<div class=\"elementor-widget-wrap\">\n\t\t\t\t\t\t<div class=\"elementor-element elementor-element-67d287c elementor-widget elementor-widget-aux_modern_heading\" data-id=\"67d287c\" data-element_type=\"widget\" data-widget_type=\"aux_modern_heading.default\">\n\t\t\t\t<div class=\"elementor-widget-container\">\n\t\t\t<section class=\"aux-widget-modern-heading\">\n            <div class=\"aux-widget-inner\"><h2 class=\"aux-modern-heading-primary\">N\u00f3s oferecemos os melhores servi\u00e7os para sua empresa<\/h2><div class=\"aux-modern-heading-description\"><p>Sem chatbots ! Atendimento humano, profissional e surpreendente !<\/p><\/div><\/div>\n        <\/section>\t\t<\/div>\n\t\t\t\t<\/div>\n\t\t\t\t\t\t<\/div>\n\t\t\t\t\t<\/div>\n\t\t<\/div>\n\t\t\t\t<div class=\"aux-parallax-section elementor-column elementor-col-50 elementor-inner-column elementor-element elementor-element-020955b\" data-id=\"020955b\" data-element_type=\"column\">\n\t\t\t<div class=\"elementor-column-wrap elementor-element-populated\">\n\t\t\t\t\t\t\t<div class=\"elementor-widget-wrap\">\n\t\t\t\t\t\t<div class=\"elementor-element elementor-element-a4e9698 elementor-widget elementor-widget-aux_modern_button\" data-id=\"a4e9698\" data-element_type=\"widget\" data-widget_type=\"aux_modern_button.default\">\n\t\t\t\t<div class=\"elementor-widget-container\">\n\t\t\t    <div class=\"aux-modern-button-wrapper aux-modern-button-align-right\" >\n                    <a class=\"aux-modern-button aux-black aux-modern-button-md aux-modern-button-curve aux-modern-button-default aux-icon-\" href=\"https:\/\/globalconn.com\/site\/#Servicos\">\n                <div class=\"aux-overlay\"><\/div>\n                                    <div class=\"aux-icon \">\n                                            <\/div>\n                                <div class=\"aux-text\">\n<span class=\"aux-text-before\">VENHA PARA A GLOBALCONN !<\/span>                <\/div>\n            <\/a>\n            \n    <\/div>\n\n    \t\t<\/div>\n\t\t\t\t<\/div>\n\t\t\t\t\t\t<\/div>\n\t\t\t\t\t<\/div>\n\t\t<\/div>\n\t\t\t\t\t\t\t\t<\/div>\n\t\t\t\t\t<\/div>\n\t\t<\/section>\n\t\t\t\t\t\t<\/div>\n\t\t\t\t\t<\/div>\n\t\t<\/div>\n\t\t\t\t\t\t\t\t<\/div>\n\t\t\t\t\t<\/div>\n\t\t<\/section>\n\t\t\t\t\t\t<\/div>\n\t\t\t\t\t\t<\/div>\n\t\t\t\t\t<\/div>\n\t\t","protected":false},"excerpt":{"rendered":"<p>Sobre N\u00f3s Quem somos n\u00f3s ? A GLOBALCONN\u00a0 (acr\u00f4nimo das palavras global connections ou conex\u00f5es globais que representa a conectividade global permitida pela internet) foi fundada em Agosto de 1995, ano da inaugura\u00e7\u00e3o da Internet comercial no Brasil, sendo portanto uma empresa precursora da Internet no Brasil. Possu\u00edmos 2 grandes paix\u00f5es: a tecnologia e qualidade [&hellip;]<\/p>\n","protected":false},"author":1,"featured_media":0,"parent":0,"menu_order":0,"comment_status":"closed","ping_status":"closed","template":"templates\/page-builder-content.php","meta":[],"_links":{"self":[{"href":"https:\/\/globalconn.com\/site\/wp-json\/wp\/v2\/pages\/62"}],"collection":[{"href":"https:\/\/globalconn.com\/site\/wp-json\/wp\/v2\/pages"}],"about":[{"href":"https:\/\/globalconn.com\/site\/wp-json\/wp\/v2\/types\/page"}],"author":[{"embeddable":true,"href":"https:\/\/globalconn.com\/site\/wp-json\/wp\/v2\/users\/1"}],"replies":[{"embeddable":true,"href":"https:\/\/globalconn.com\/site\/wp-json\/wp\/v2\/comments?post=62"}],"version-history":[{"count":16,"href":"https:\/\/globalconn.com\/site\/wp-json\/wp\/v2\/pages\/62\/revisions"}],"predecessor-version":[{"id":406,"href":"https:\/\/globalconn.com\/site\/wp-json\/wp\/v2\/pages\/62\/revisions\/406"}],"wp:attachment":[{"href":"https:\/\/globalconn.com\/site\/wp-json\/wp\/v2\/media?parent=62"}],"curies":[{"name":"wp","href":"https:\/\/api.w.org\/{rel}","templated":true}]}}